{"id":880,"date":"2017-04-29T11:58:54","date_gmt":"2017-04-29T11:58:54","guid":{"rendered":"http:\/\/www.estudioshistoricos.com\/?page_id=880"},"modified":"2026-01-19T11:53:57","modified_gmt":"2026-01-19T11:53:57","slug":"xose-alfeiran-rodriguez","status":"publish","type":"page","link":"https:\/\/www.estudioshistoricos.com\/?page_id=880","title":{"rendered":"Xos\u00e9 Alfeir\u00e1n Rodr\u00edguez"},"content":{"rendered":"\n\n\n<!-- Generated using Document Gallery. Get yours here: http:\/\/wordpress.org\/extend\/plugins\/document-gallery -->\n<div id=\"document-gallery-1\" class=\"document-gallery\" data-shortcode='{\"id\":880,\"include\":\"\",\"exclude\":\"\",\"columns\":4,\"order\":\"DESC\",\"orderby\":\"date\",\"relation\":\"AND\",\"limit\":-1,\"mime_types\":\"application,video,text,audio,image\",\"paginate\":true,\"post_status\":\"any\",\"post_type\":\"attachment\",\"fancy\":false,\"descriptions\":false,\"attachment_pg\":false,\"new_window\":false,\"skip\":0}' style='--dg-icon-width: 24%'>\n<div class='document-icon-row'>\n   <div class=\"document-icon\">\n      <a href=\"https:\/\/www.estudioshistoricos.com\/wp-content\/uploads\/2021\/08\/1931_a_proclamacioin_da_II_Rep-uiblica_na_Coruna_postais.pdf\" target=\"_self\">\n         <img decoding=\"async\" src=\"https:\/\/www.estudioshistoricos.com\/wp-content\/uploads\/2021\/08\/1931_a_proclamacioin_da_II_Rep-uiblica_na_Coruna_postais-pdf.jpg\" title=\"14 de abril de 1931. A proclamaci\u00f3n da II Rep\u00fablica na Coru\u00f1a. Postais.\" alt=\"14 de abril de 1931. A proclamaci\u00f3n da II Rep\u00fablica na Coru\u00f1a. Postais.\" data-ext=\"pdf\"\/>\n         <span class=\"title\">14 de abril de 1931. A proclamaci\u00f3n da II Rep\u00fablica na Coru\u00f1a. Postais.<\/span>\n      <\/a>\n   <\/div>\n   <div class=\"document-icon\">\n      <a href=\"https:\/\/www.estudioshistoricos.com\/wp-content\/uploads\/2019\/03\/choqueiros_e_mascaritas_op.pdf\" target=\"_self\">\n         <img decoding=\"async\" src=\"https:\/\/www.estudioshistoricos.com\/wp-content\/uploads\/2019\/03\/choqueiros_e_mascaritas_op-pdf.jpg\" title=\"Choqueiros e Mascaritas. Cr\u00f3nica viva do Antroido coru\u00f1\u00e9s\" alt=\"Choqueiros e Mascaritas. Cr\u00f3nica viva do Antroido coru\u00f1\u00e9s\" data-ext=\"pdf\"\/>\n         <span class=\"title\">Choqueiros e Mascaritas. Cr\u00f3nica viva do Antroido coru\u00f1\u00e9s<\/span>\n      <\/a>\n   <\/div>\n   <div class=\"document-icon\">\n      <a href=\"https:\/\/www.estudioshistoricos.com\/wp-content\/uploads\/2018\/03\/Choqueiros_Alfeiran.pdf\" target=\"_self\">\n         <img decoding=\"async\" src=\"https:\/\/www.estudioshistoricos.com\/wp-content\/uploads\/2018\/03\/Choqueiros_Alfeiran-pdf.jpg\" title=\"Choqueiros. Breve cr\u00f3nica hist\u00f3rica do carnaval coru\u00f1\u00e9s\" alt=\"Choqueiros. Breve cr\u00f3nica hist\u00f3rica do carnaval coru\u00f1\u00e9s\" data-ext=\"pdf\"\/>\n         <span class=\"title\">Choqueiros. Breve cr\u00f3nica hist\u00f3rica do carnaval coru\u00f1\u00e9s<\/span>\n      <\/a>\n   <\/div>\n   <div class=\"document-icon\">\n      <a href=\"https:\/\/www.estudioshistoricos.com\/wp-content\/uploads\/2017\/04\/una_nueva_imagen_de_la_torre_de_hercules_alfeiran.pdf\" target=\"_self\">\n         <img decoding=\"async\" src=\"https:\/\/www.estudioshistoricos.com\/wp-content\/plugins\/document-gallery\/src\/assets\/icons\/pdf.png\" title=\"Una nueva imagen de la Torre de H\u00e9rcules (1086-1684). de X. Alfeir\u00e1n\" alt=\"Una nueva imagen de la Torre de H\u00e9rcules (1086-1684). de X. Alfeir\u00e1n\" data-ext=\"pdf\"\/>\n         <span class=\"title\">Una nueva imagen de la Torre de H\u00e9rcules (1086-1684). de X. Alfeir\u00e1n<\/span>\n      <\/a>\n   <\/div>\n\n<\/div>\n<\/div>","protected":false},"excerpt":{"rendered":"","protected":false},"author":1,"featured_media":0,"parent":0,"menu_order":0,"comment_status":"closed","ping_status":"closed","template":"","meta":{"footnotes":""},"class_list":["post-880","page","type-page","status-publish","hentry"],"_links":{"self":[{"href":"https:\/\/www.estudioshistoricos.com\/index.php?rest_route=\/wp\/v2\/pages\/880","targetHints":{"allow":["GET"]}}],"collection":[{"href":"https:\/\/www.estudioshistoricos.com\/index.php?rest_route=\/wp\/v2\/pages"}],"about":[{"href":"https:\/\/www.estudioshistoricos.com\/index.php?rest_route=\/wp\/v2\/types\/page"}],"author":[{"embeddable":true,"href":"https:\/\/www.estudioshistoricos.com\/index.php?rest_route=\/wp\/v2\/users\/1"}],"replies":[{"embeddable":true,"href":"https:\/\/www.estudioshistoricos.com\/index.php?rest_route=%2Fwp%2Fv2%2Fcomments&post=880"}],"version-history":[{"count":3,"href":"https:\/\/www.estudioshistoricos.com\/index.php?rest_route=\/wp\/v2\/pages\/880\/revisions"}],"predecessor-version":[{"id":2722,"href":"https:\/\/www.estudioshistoricos.com\/index.php?rest_route=\/wp\/v2\/pages\/880\/revisions\/2722"}],"wp:attachment":[{"href":"https:\/\/www.estudioshistoricos.com\/index.php?rest_route=%2Fwp%2Fv2%2Fmedia&parent=880"}],"curies":[{"name":"wp","href":"https:\/\/api.w.org\/{rel}","templated":true}]}}