{"id":840,"date":"2017-01-27T13:24:21","date_gmt":"2017-01-27T13:24:21","guid":{"rendered":"http:\/\/www.estudioshistoricos.com\/?page_id=840"},"modified":"2017-01-27T13:26:08","modified_gmt":"2017-01-27T13:26:08","slug":"alfredo-vigo-trasancos","status":"publish","type":"page","link":"https:\/\/www.estudioshistoricos.com\/?page_id=840","title":{"rendered":"Alfredo Vigo Trasancos"},"content":{"rendered":"<p style=\"text-align: left;\">Agradecemos a Alfredo Vigo Trasancos, catedr\u00e1tico de Historia del Arte en la Universidad de Santiago de Compostela y miembro de nuestra <em>Asociaci\u00f3n Cultural de Estudios Hist\u00f3ricos de Galicia <\/em>que nos haya facilitado un enlace donde encontraremos accesibles en pdf un buen n\u00famero de sus publicaciones en revistas y obras colectivas.<\/p>\n<p style=\"text-align: left;\">\n<p style=\"text-align: left;\"><a href=\"https:\/\/usc-es.academia.edu\/AlfredoVigoTrasancos\" target=\"_blank\"><img loading=\"lazy\" decoding=\"async\" class=\"aligncenter wp-image-841 size-full\" src=\"http:\/\/www.estudioshistoricos.com\/wp-content\/uploads\/2017\/01\/web_usc_alfredo.jpg\" width=\"170\" height=\"220\" \/><\/a><\/p>\n","protected":false},"excerpt":{"rendered":"<p>Agradecemos a Alfredo Vigo Trasancos, catedr\u00e1tico de Historia del Arte en la Universidad de Santiago de Compostela y miembro de nuestra Asociaci\u00f3n Cultural de Estudios Hist\u00f3ricos de Galicia que nos haya facilitado un enlace donde encontraremos accesibles en pdf un buen n\u00famero de sus publicaciones en revistas y obras colectivas.<\/p>\n","protected":false},"author":1,"featured_media":0,"parent":0,"menu_order":0,"comment_status":"closed","ping_status":"closed","template":"","meta":{"footnotes":""},"class_list":["post-840","page","type-page","status-publish","hentry"],"_links":{"self":[{"href":"https:\/\/www.estudioshistoricos.com\/index.php?rest_route=\/wp\/v2\/pages\/840","targetHints":{"allow":["GET"]}}],"collection":[{"href":"https:\/\/www.estudioshistoricos.com\/index.php?rest_route=\/wp\/v2\/pages"}],"about":[{"href":"https:\/\/www.estudioshistoricos.com\/index.php?rest_route=\/wp\/v2\/types\/page"}],"author":[{"embeddable":true,"href":"https:\/\/www.estudioshistoricos.com\/index.php?rest_route=\/wp\/v2\/users\/1"}],"replies":[{"embeddable":true,"href":"https:\/\/www.estudioshistoricos.com\/index.php?rest_route=%2Fwp%2Fv2%2Fcomments&post=840"}],"version-history":[{"count":3,"href":"https:\/\/www.estudioshistoricos.com\/index.php?rest_route=\/wp\/v2\/pages\/840\/revisions"}],"predecessor-version":[{"id":845,"href":"https:\/\/www.estudioshistoricos.com\/index.php?rest_route=\/wp\/v2\/pages\/840\/revisions\/845"}],"wp:attachment":[{"href":"https:\/\/www.estudioshistoricos.com\/index.php?rest_route=%2Fwp%2Fv2%2Fmedia&parent=840"}],"curies":[{"name":"wp","href":"https:\/\/api.w.org\/{rel}","templated":true}]}}