{"id":500,"date":"2014-10-29T10:06:46","date_gmt":"2014-10-29T10:06:46","guid":{"rendered":"http:\/\/www.estudioshistoricos.com\/?page_id=500"},"modified":"2026-01-19T11:57:21","modified_gmt":"2026-01-19T11:57:21","slug":"fco-javier-lopez-vallo","status":"publish","type":"page","link":"https:\/\/www.estudioshistoricos.com\/?page_id=500","title":{"rendered":"Fco. Javier L\u00f3pez Vallo"},"content":{"rendered":"\n\n\n<!-- Generated using Document Gallery. Get yours here: http:\/\/wordpress.org\/extend\/plugins\/document-gallery -->\n<div id=\"document-gallery-1\" class=\"document-gallery\" data-shortcode='{\"id\":500,\"include\":\"\",\"exclude\":\"\",\"columns\":4,\"order\":\"DESC\",\"orderby\":\"date\",\"relation\":\"AND\",\"limit\":-1,\"mime_types\":\"application,video,text,audio,image\",\"paginate\":true,\"post_status\":\"any\",\"post_type\":\"attachment\",\"fancy\":false,\"descriptions\":false,\"attachment_pg\":false,\"new_window\":false,\"skip\":0}' style='--dg-icon-width: 24%'>\n<div class='document-icon-row'>\n   <div class=\"document-icon\">\n      <a href=\"https:\/\/www.estudioshistoricos.com\/wp-content\/uploads\/2014\/10\/jlv_10.pdf\" target=\"_self\">\n         <img decoding=\"async\" src=\"https:\/\/www.estudioshistoricos.com\/wp-content\/plugins\/document-gallery\/src\/assets\/icons\/pdf.png\" title=\"Papeles expeluznantes: Expediente instruido sobre el derribo de la calavera de un ajusticiado.\" alt=\"Papeles expeluznantes: Expediente instruido sobre el derribo de la calavera de un ajusticiado.\" data-ext=\"pdf\"\/>\n         <span class=\"title\">Papeles expeluznantes: Expediente instruido sobre el derribo de la calavera de un ajusticiado.<\/span>\n      <\/a>\n   <\/div>\n   <div class=\"document-icon\">\n      <a href=\"https:\/\/www.estudioshistoricos.com\/wp-content\/uploads\/2014\/10\/jlv_11.pdf\" target=\"_self\">\n         <img decoding=\"async\" src=\"https:\/\/www.estudioshistoricos.com\/wp-content\/plugins\/document-gallery\/src\/assets\/icons\/pdf.png\" title=\"El fanal de Mendoza R\u00edos para la torre de H\u00e9rcules\" alt=\"El fanal de Mendoza R\u00edos para la torre de H\u00e9rcules\" data-ext=\"pdf\"\/>\n         <span class=\"title\">El fanal de Mendoza R\u00edos para la torre de H\u00e9rcules<\/span>\n      <\/a>\n   <\/div>\n   <div class=\"document-icon\">\n      <a href=\"https:\/\/www.estudioshistoricos.com\/wp-content\/uploads\/2014\/10\/jlv_09.pdf\" target=\"_self\">\n         <img decoding=\"async\" src=\"https:\/\/www.estudioshistoricos.com\/wp-content\/plugins\/document-gallery\/src\/assets\/icons\/pdf.png\" title=\"Documentos para estudiar la Torre de H\u00e9rcules: Una descripci\u00f3n del edificio en el siglo XVIII\" alt=\"Documentos para estudiar la Torre de H\u00e9rcules: Una descripci\u00f3n del edificio en el siglo XVIII\" data-ext=\"pdf\"\/>\n         <span class=\"title\">Documentos para estudiar la Torre de H\u00e9rcules: Una descripci\u00f3n del edificio en el siglo XVIII<\/span>\n      <\/a>\n   <\/div>\n   <div class=\"document-icon\">\n      <a href=\"https:\/\/www.estudioshistoricos.com\/wp-content\/uploads\/2014\/10\/jlv_07.pdf\" target=\"_self\">\n         <img decoding=\"async\" src=\"https:\/\/www.estudioshistoricos.com\/wp-content\/plugins\/document-gallery\/src\/assets\/icons\/pdf.png\" title=\"Santa Mar\u00eda de Oza (la Coru\u00f1a) en 1752, seg\u00fan las respuestas generales al catastro del marqu\u00e9s de la Ensenada \" alt=\"Santa Mar\u00eda de Oza (la Coru\u00f1a) en 1752, seg\u00fan las respuestas generales al catastro del marqu\u00e9s de la Ensenada \" data-ext=\"pdf\"\/>\n         <span class=\"title\">Santa Mar\u00eda de Oza (la Coru\u00f1a) en 1752, seg\u00fan las respuestas generales al catastro del marqu\u00e9s de la Ensenada <\/span>\n      <\/a>\n   <\/div>\n\n<\/div>\n<div class='document-icon-row'>\n   <div class=\"document-icon\">\n      <a href=\"https:\/\/www.estudioshistoricos.com\/wp-content\/uploads\/2014\/10\/jlv_08.pdf\" target=\"_self\">\n         <img decoding=\"async\" src=\"https:\/\/www.estudioshistoricos.com\/wp-content\/plugins\/document-gallery\/src\/assets\/icons\/pdf.png\" title=\"Investigaciones sobre la fundaci\u00f3n y f\u00e1brica de la Torre llamada  de H\u00e9rcules situada a la entrada del puerto de la Coru\u00f1a&#8221; de Joseph Cornide\" alt=\"Investigaciones sobre la fundaci\u00f3n y f\u00e1brica de la Torre llamada  de H\u00e9rcules situada a la entrada del puerto de la Coru\u00f1a&#8221; de Joseph Cornide\" data-ext=\"pdf\"\/>\n         <span class=\"title\">Investigaciones sobre la fundaci\u00f3n y f\u00e1brica de la Torre llamada  de H\u00e9rcules situada a la entrada del puerto de la Coru\u00f1a&#8221; de Joseph Cornide<\/span>\n      <\/a>\n   <\/div>\n   <div class=\"document-icon\">\n      <a href=\"https:\/\/www.estudioshistoricos.com\/wp-content\/uploads\/2014\/10\/jlv_05.pdf\" target=\"_self\">\n         <img decoding=\"async\" src=\"https:\/\/www.estudioshistoricos.com\/wp-content\/plugins\/document-gallery\/src\/assets\/icons\/pdf.png\" title=\"Documentos para estudiar la Torre de H\u00e9rcules: El m\u00e9todo de cuenta y raz\u00f3n de obras.\" alt=\"Documentos para estudiar la Torre de H\u00e9rcules: El m\u00e9todo de cuenta y raz\u00f3n de obras.\" data-ext=\"pdf\"\/>\n         <span class=\"title\">Documentos para estudiar la Torre de H\u00e9rcules: El m\u00e9todo de cuenta y raz\u00f3n de obras.<\/span>\n      <\/a>\n   <\/div>\n   <div class=\"document-icon\">\n      <a href=\"https:\/\/www.estudioshistoricos.com\/wp-content\/uploads\/2014\/10\/jlv_06.pdf\" target=\"_self\">\n         <img decoding=\"async\" src=\"https:\/\/www.estudioshistoricos.com\/wp-content\/plugins\/document-gallery\/src\/assets\/icons\/pdf.png\" title=\"Documentos para estudiar la Torre de H\u00e9rcules:: Las condiciones del asiento particular de provisi\u00f3n de canter\u00eda.\" alt=\"Documentos para estudiar la Torre de H\u00e9rcules:: Las condiciones del asiento particular de provisi\u00f3n de canter\u00eda.\" data-ext=\"pdf\"\/>\n         <span class=\"title\">Documentos para estudiar la Torre de H\u00e9rcules:: Las condiciones del asiento particular de provisi\u00f3n de canter\u00eda.<\/span>\n      <\/a>\n   <\/div>\n   <div class=\"document-icon\">\n      <a href=\"https:\/\/www.estudioshistoricos.com\/wp-content\/uploads\/2014\/10\/jlv_03.pdf\" target=\"_self\">\n         <img decoding=\"async\" src=\"https:\/\/www.estudioshistoricos.com\/wp-content\/plugins\/document-gallery\/src\/assets\/icons\/pdf.png\" title=\"Documentos para estudiar la Torre de H\u00e9rcules: El informe de Navacerrada.\" alt=\"Documentos para estudiar la Torre de H\u00e9rcules: El informe de Navacerrada.\" data-ext=\"pdf\"\/>\n         <span class=\"title\">Documentos para estudiar la Torre de H\u00e9rcules: El informe de Navacerrada.<\/span>\n      <\/a>\n   <\/div>\n\n<\/div>\n<div class='document-icon-row'>\n   <div class=\"document-icon\">\n      <a href=\"https:\/\/www.estudioshistoricos.com\/wp-content\/uploads\/2014\/10\/jlv_04.pdf\" target=\"_self\">\n         <img decoding=\"async\" src=\"https:\/\/www.estudioshistoricos.com\/wp-content\/plugins\/document-gallery\/src\/assets\/icons\/pdf.png\" title=\"Documentos para estudiar la Torre de H\u00e9rcules:: El expediente tramitado por la Secretar\u00eda de Guerra para la reparaci\u00f3n.\" alt=\"Documentos para estudiar la Torre de H\u00e9rcules:: El expediente tramitado por la Secretar\u00eda de Guerra para la reparaci\u00f3n.\" data-ext=\"pdf\"\/>\n         <span class=\"title\">Documentos para estudiar la Torre de H\u00e9rcules:: El expediente tramitado por la Secretar\u00eda de Guerra para la reparaci\u00f3n.<\/span>\n      <\/a>\n   <\/div>\n   <div class=\"document-icon\">\n      <a href=\"https:\/\/www.estudioshistoricos.com\/wp-content\/uploads\/2014\/10\/jlv_02.pdf\" target=\"_self\">\n         <img decoding=\"async\" src=\"https:\/\/www.estudioshistoricos.com\/wp-content\/plugins\/document-gallery\/src\/assets\/icons\/pdf.png\" title=\"Una escritura de aprendiz de carpintero\" alt=\"Una escritura de aprendiz de carpintero\" data-ext=\"pdf\"\/>\n         <span class=\"title\">Una escritura de aprendiz de carpintero<\/span>\n      <\/a>\n   <\/div>\n   <div class=\"document-icon\">\n      <a href=\"https:\/\/www.estudioshistoricos.com\/wp-content\/uploads\/2014\/10\/jlv_01.pdf\" target=\"_self\">\n         <img decoding=\"async\" src=\"https:\/\/www.estudioshistoricos.com\/wp-content\/plugins\/document-gallery\/src\/assets\/icons\/pdf.png\" title=\"Frayz imprimi\u00f3 en La Coru\u00f1a las ordenanzas de la Real Audiencia de Galicia\" alt=\"Frayz imprimi\u00f3 en La Coru\u00f1a las ordenanzas de la Real Audiencia de Galicia\" data-ext=\"pdf\"\/>\n         <span class=\"title\">Frayz imprimi\u00f3 en La Coru\u00f1a las ordenanzas de la Real Audiencia de Galicia<\/span>\n      <\/a>\n   <\/div>\n\n<\/div>\n<\/div>","protected":false},"excerpt":{"rendered":"","protected":false},"author":1,"featured_media":0,"parent":0,"menu_order":0,"comment_status":"closed","ping_status":"closed","template":"","meta":{"footnotes":""},"class_list":["post-500","page","type-page","status-publish","hentry"],"_links":{"self":[{"href":"https:\/\/www.estudioshistoricos.com\/index.php?rest_route=\/wp\/v2\/pages\/500","targetHints":{"allow":["GET"]}}],"collection":[{"href":"https:\/\/www.estudioshistoricos.com\/index.php?rest_route=\/wp\/v2\/pages"}],"about":[{"href":"https:\/\/www.estudioshistoricos.com\/index.php?rest_route=\/wp\/v2\/types\/page"}],"author":[{"embeddable":true,"href":"https:\/\/www.estudioshistoricos.com\/index.php?rest_route=\/wp\/v2\/users\/1"}],"replies":[{"embeddable":true,"href":"https:\/\/www.estudioshistoricos.com\/index.php?rest_route=%2Fwp%2Fv2%2Fcomments&post=500"}],"version-history":[{"count":3,"href":"https:\/\/www.estudioshistoricos.com\/index.php?rest_route=\/wp\/v2\/pages\/500\/revisions"}],"predecessor-version":[{"id":2726,"href":"https:\/\/www.estudioshistoricos.com\/index.php?rest_route=\/wp\/v2\/pages\/500\/revisions\/2726"}],"wp:attachment":[{"href":"https:\/\/www.estudioshistoricos.com\/index.php?rest_route=%2Fwp%2Fv2%2Fmedia&parent=500"}],"curies":[{"name":"wp","href":"https:\/\/api.w.org\/{rel}","templated":true}]}}