{"id":374,"date":"2014-10-28T07:40:40","date_gmt":"2014-10-28T07:40:40","guid":{"rendered":"http:\/\/www.estudioshistoricos.com\/?page_id=374"},"modified":"2019-01-23T11:41:57","modified_gmt":"2019-01-23T11:41:57","slug":"quienes-somos","status":"publish","type":"page","link":"https:\/\/www.estudioshistoricos.com\/?page_id=374","title":{"rendered":"Quienes somos"},"content":{"rendered":"<p>Un grupo de historiadores de Galicia, co obxectivo de establecer v\u00ednculos de amizade, a colaboraci\u00f3n na investigaci\u00f3n, a publicaci\u00f3n de traballos hist\u00f3ricos ea s\u00faa difusi\u00f3n a trav\u00e9s dos medios de comunicaci\u00f3n, deciden converterse nunha Asociaci\u00f3n con nome de Asociaci\u00f3n Cultural de Estudos hist\u00f3ricos de Galicia.<\/p>\n<p>Os seus estatutos aprobaranse o 14-6-2002 pola Xunta de Galicia, producindo a inscrici\u00f3n co n\u00famero 858\/02 no Rexistro Central de Asociaci\u00f3ns.<\/p>\n<p>A trav\u00e9s desta p\u00e1xina intentamos non s\u00f3 difundir as actividades e traballos dos membros da Asociaci\u00f3n, sen\u00f3n tam\u00e9n po\u00f1er a disposici\u00f3n de todos un conxunto de obras e materiais documentais que favorecen o co\u00f1ecemento e a investigaci\u00f3n de Historia e Arte. de Galicia.<\/p>\n","protected":false},"excerpt":{"rendered":"<p>Un grupo de historiadores de Galicia, co obxectivo de establecer v\u00ednculos de amizade, a colaboraci\u00f3n na investigaci\u00f3n, a publicaci\u00f3n de traballos hist\u00f3ricos ea s\u00faa difusi\u00f3n a trav\u00e9s dos medios de comunicaci\u00f3n, deciden converterse nunha Asociaci\u00f3n con nome de Asociaci\u00f3n Cultural de Estudos hist\u00f3ricos de Galicia. Os seus estatutos aprobaranse o 14-6-2002 pola Xunta de Galicia, &hellip; <a href=\"https:\/\/www.estudioshistoricos.com\/?page_id=374\">Continue reading <span class=\"meta-nav\">&rarr;<\/span><\/a><\/p>\n","protected":false},"author":1,"featured_media":0,"parent":0,"menu_order":0,"comment_status":"closed","ping_status":"closed","template":"","meta":{"footnotes":""},"class_list":["post-374","page","type-page","status-publish","hentry"],"_links":{"self":[{"href":"https:\/\/www.estudioshistoricos.com\/index.php?rest_route=\/wp\/v2\/pages\/374","targetHints":{"allow":["GET"]}}],"collection":[{"href":"https:\/\/www.estudioshistoricos.com\/index.php?rest_route=\/wp\/v2\/pages"}],"about":[{"href":"https:\/\/www.estudioshistoricos.com\/index.php?rest_route=\/wp\/v2\/types\/page"}],"author":[{"embeddable":true,"href":"https:\/\/www.estudioshistoricos.com\/index.php?rest_route=\/wp\/v2\/users\/1"}],"replies":[{"embeddable":true,"href":"https:\/\/www.estudioshistoricos.com\/index.php?rest_route=%2Fwp%2Fv2%2Fcomments&post=374"}],"version-history":[{"count":2,"href":"https:\/\/www.estudioshistoricos.com\/index.php?rest_route=\/wp\/v2\/pages\/374\/revisions"}],"predecessor-version":[{"id":1329,"href":"https:\/\/www.estudioshistoricos.com\/index.php?rest_route=\/wp\/v2\/pages\/374\/revisions\/1329"}],"wp:attachment":[{"href":"https:\/\/www.estudioshistoricos.com\/index.php?rest_route=%2Fwp%2Fv2%2Fmedia&parent=374"}],"curies":[{"name":"wp","href":"https:\/\/api.w.org\/{rel}","templated":true}]}}