{"id":1937,"date":"2021-12-19T09:38:40","date_gmt":"2021-12-19T09:38:40","guid":{"rendered":"https:\/\/www.estudioshistoricos.com\/?page_id=1937"},"modified":"2021-12-22T09:01:10","modified_gmt":"2021-12-22T09:01:10","slug":"maria-josefa-sanz-fuentes","status":"publish","type":"page","link":"https:\/\/www.estudioshistoricos.com\/?page_id=1937","title":{"rendered":"Mar\u00eda Josefa Sanz Fuentes"},"content":{"rendered":"\n<!-- Generated using Document Gallery. Get yours here: http:\/\/wordpress.org\/extend\/plugins\/document-gallery -->\n<div id=\"document-gallery-1\" class=\"document-gallery\" data-shortcode='{\"id\":1937,\"include\":\"\",\"exclude\":\"\",\"columns\":4,\"order\":\"DESC\",\"orderby\":\"date\",\"relation\":\"AND\",\"limit\":-1,\"mime_types\":\"application,video,text,audio,image\",\"paginate\":true,\"post_status\":\"any\",\"post_type\":\"attachment\",\"fancy\":false,\"descriptions\":false,\"attachment_pg\":false,\"new_window\":false,\"skip\":0}' style='--dg-icon-width: 24%'>\n<div class='document-icon-row'>\n   <div class=\"document-icon\">\n      <a href=\"https:\/\/www.estudioshistoricos.com\/wp-content\/uploads\/2021\/12\/separata_sanz_n18.pdf\" target=\"_self\">\n         <img decoding=\"async\" src=\"https:\/\/www.estudioshistoricos.com\/wp-content\/uploads\/2021\/12\/separata_sanz_n18-pdf.jpg\" title=\"Resumen separata Nalgures XVIII: La documentaci\u00f3n medieval del priorato de Moraime (III): Convenio entre el priorato de Moraime y los vecinos del puerto de Mux\u00eda en el a\u00f1o de 1338. Reinado de Alfonso XI\" alt=\"Resumen separata Nalgures XVIII: La documentaci\u00f3n medieval del priorato de Moraime (III): Convenio entre el priorato de Moraime y los vecinos del puerto de Mux\u00eda en el a\u00f1o de 1338. Reinado de Alfonso XI\" data-ext=\"pdf\"\/>\n         <span class=\"title\">Resumen separata Nalgures XVIII: La documentaci\u00f3n medieval del priorato de Moraime (III): Convenio entre el priorato de Moraime y los vecinos del puerto de Mux\u00eda en el a\u00f1o de 1338. Reinado de Alfonso XI<\/span>\n      <\/a>\n   <\/div>\n\n<\/div>\n<\/div>\n\n\n\n<hr class=\"wp-block-separator has-text-color has-background has-luminous-vivid-orange-background-color has-luminous-vivid-orange-color is-style-dots\"\/>\n\n\n\n<ul class=\"wp-block-list\"><li><em>\u00abDocumentos del archivo del monasterio de Monfero en el Museo de Pontevedra\u00bb<\/em> <strong>(<em>Nalgures\u00a0<\/em>n.o XII, ano 2016)<\/strong><em> <\/em><span class=\"has-inline-color has-luminous-vivid-orange-color\"><i class=\"fa fa-fas fa-link \" ><\/i><\/span> <a rel=\"noreferrer noopener\" href=\"https:\/\/www.estudioshistoricos.com\/wp-content\/uploads\/2018\/01\/nalgures_xii.pdf\" target=\"_blank\">Nalgures XII<\/a><br><\/li><li><em>\u00abEl monasterio cisterciense de Santa Mar\u00eda de Monfero en su documentaci\u00f3n (1088-1300)\u00bb<\/em> <strong>(<em>Nalgures\u00a0<\/em>n.o XVI, ano 2020) <\/strong><span class=\"has-inline-color has-luminous-vivid-orange-color\"><i class=\"fa fa-fas fa-link \" ><\/i><\/span> <a rel=\"noreferrer noopener\" href=\"https:\/\/www.estudioshistoricos.com\/wp-content\/uploads\/2020\/12\/nalgures_xvi.pdf\" target=\"_blank\">Nalgures XVI<\/a><br> <\/li><li><em>\u00abMembra disiecta. Tres documentos referentes a Galicia en una colecci\u00f3n particular asturiana\u00bb<\/em> <strong>(<em>Nalgures\u00a0<\/em>n.o VII, ano 2011) <\/strong><span class=\"has-inline-color has-luminous-vivid-orange-color\"><i class=\"fa fa-fas fa-link \" ><\/i><\/span> <a rel=\"noreferrer noopener\" href=\"https:\/\/www.estudioshistoricos.com\/wp-content\/uploads\/2014\/10\/nalgures7.pdf\" target=\"_blank\">Nalgures VII<\/a><\/li><\/ul>\n\n\n\n<p><\/p>\n","protected":false},"excerpt":{"rendered":"<p>\u00abDocumentos del archivo del monasterio de Monfero en el Museo de Pontevedra\u00bb (Nalgures\u00a0n.o XII, ano 2016) Nalgures XII \u00abEl monasterio cisterciense de Santa Mar\u00eda de Monfero en su documentaci\u00f3n (1088-1300)\u00bb (Nalgures\u00a0n.o XVI, ano 2020) Nalgures XVI \u00abMembra disiecta. Tres documentos referentes a Galicia en una colecci\u00f3n particular asturiana\u00bb (Nalgures\u00a0n.o VII, ano 2011) Nalgures VII<\/p>\n","protected":false},"author":1,"featured_media":0,"parent":0,"menu_order":0,"comment_status":"closed","ping_status":"closed","template":"","meta":{"footnotes":""},"class_list":["post-1937","page","type-page","status-publish","hentry"],"_links":{"self":[{"href":"https:\/\/www.estudioshistoricos.com\/index.php?rest_route=\/wp\/v2\/pages\/1937","targetHints":{"allow":["GET"]}}],"collection":[{"href":"https:\/\/www.estudioshistoricos.com\/index.php?rest_route=\/wp\/v2\/pages"}],"about":[{"href":"https:\/\/www.estudioshistoricos.com\/index.php?rest_route=\/wp\/v2\/types\/page"}],"author":[{"embeddable":true,"href":"https:\/\/www.estudioshistoricos.com\/index.php?rest_route=\/wp\/v2\/users\/1"}],"replies":[{"embeddable":true,"href":"https:\/\/www.estudioshistoricos.com\/index.php?rest_route=%2Fwp%2Fv2%2Fcomments&post=1937"}],"version-history":[{"count":10,"href":"https:\/\/www.estudioshistoricos.com\/index.php?rest_route=\/wp\/v2\/pages\/1937\/revisions"}],"predecessor-version":[{"id":1956,"href":"https:\/\/www.estudioshistoricos.com\/index.php?rest_route=\/wp\/v2\/pages\/1937\/revisions\/1956"}],"wp:attachment":[{"href":"https:\/\/www.estudioshistoricos.com\/index.php?rest_route=%2Fwp%2Fv2%2Fmedia&parent=1937"}],"curies":[{"name":"wp","href":"https:\/\/api.w.org\/{rel}","templated":true}]}}