{"id":1160,"date":"2018-05-04T05:17:09","date_gmt":"2018-05-04T05:17:09","guid":{"rendered":"http:\/\/www.estudioshistoricos.com\/?page_id=1160"},"modified":"2018-05-04T05:17:45","modified_gmt":"2018-05-04T05:17:45","slug":"jose-maria-manuel-garcia-osuna-rodriguez","status":"publish","type":"page","link":"https:\/\/www.estudioshistoricos.com\/?page_id=1160","title":{"rendered":"Jos\u00e9 Mar\u00eda Manuel Garc\u00eda-Osuna Rodr\u00edguez"},"content":{"rendered":"\n<!-- Generated using Document Gallery. Get yours here: http:\/\/wordpress.org\/extend\/plugins\/document-gallery -->\n<div id=\"document-gallery-1\" class=\"document-gallery\" data-shortcode='{\"id\":1160,\"include\":\"\",\"exclude\":\"\",\"columns\":4,\"order\":\"DESC\",\"orderby\":\"date\",\"relation\":\"AND\",\"limit\":-1,\"mime_types\":\"application,video,text,audio,image\",\"paginate\":true,\"post_status\":\"any\",\"post_type\":\"attachment\",\"fancy\":false,\"descriptions\":false,\"attachment_pg\":false,\"new_window\":false,\"skip\":0}' style='--dg-icon-width: 24%'>\n<div class='document-icon-row'>\n   <div class=\"document-icon\">\n      <a href=\"https:\/\/www.estudioshistoricos.com\/wp-content\/uploads\/2018\/05\/revista2018_n9.pdf\" target=\"_self\">\n         <img decoding=\"async\" src=\"https:\/\/www.estudioshistoricos.com\/wp-content\/uploads\/2018\/05\/revista2018_n9-pdf.jpg\" title=\"Cofrad\u00eda de Alfonso VII y el Pend\u00f3n de Baeza\" alt=\"Cofrad\u00eda de Alfonso VII y el Pend\u00f3n de Baeza\" data-ext=\"pdf\"\/>\n         <span class=\"title\">Cofrad\u00eda de Alfonso VII y el Pend\u00f3n de Baeza<\/span>\n      <\/a>\n   <\/div>\n\n<\/div>\n<\/div>\n","protected":false},"excerpt":{"rendered":"","protected":false},"author":1,"featured_media":0,"parent":0,"menu_order":0,"comment_status":"closed","ping_status":"closed","template":"","meta":{"footnotes":""},"class_list":["post-1160","page","type-page","status-publish","hentry"],"_links":{"self":[{"href":"https:\/\/www.estudioshistoricos.com\/index.php?rest_route=\/wp\/v2\/pages\/1160","targetHints":{"allow":["GET"]}}],"collection":[{"href":"https:\/\/www.estudioshistoricos.com\/index.php?rest_route=\/wp\/v2\/pages"}],"about":[{"href":"https:\/\/www.estudioshistoricos.com\/index.php?rest_route=\/wp\/v2\/types\/page"}],"author":[{"embeddable":true,"href":"https:\/\/www.estudioshistoricos.com\/index.php?rest_route=\/wp\/v2\/users\/1"}],"replies":[{"embeddable":true,"href":"https:\/\/www.estudioshistoricos.com\/index.php?rest_route=%2Fwp%2Fv2%2Fcomments&post=1160"}],"version-history":[{"count":2,"href":"https:\/\/www.estudioshistoricos.com\/index.php?rest_route=\/wp\/v2\/pages\/1160\/revisions"}],"predecessor-version":[{"id":1162,"href":"https:\/\/www.estudioshistoricos.com\/index.php?rest_route=\/wp\/v2\/pages\/1160\/revisions\/1162"}],"wp:attachment":[{"href":"https:\/\/www.estudioshistoricos.com\/index.php?rest_route=%2Fwp%2Fv2%2Fmedia&parent=1160"}],"curies":[{"name":"wp","href":"https:\/\/api.w.org\/{rel}","templated":true}]}}